{"id":24,"date":"2025-11-12T19:59:59","date_gmt":"2025-11-12T18:59:59","guid":{"rendered":"https:\/\/plongee-malaunay76.fr\/?page_id=24"},"modified":"2026-01-31T11:31:07","modified_gmt":"2026-01-31T10:31:07","slug":"informations-pratiques","status":"publish","type":"page","link":"https:\/\/plongee-malaunay76.fr\/?page_id=24","title":{"rendered":"Informations pratiques"},"content":{"rendered":"\t\t<div data-elementor-type=\"wp-page\" data-elementor-id=\"24\" class=\"elementor elementor-24\" data-elementor-post-type=\"page\">\n\t\t\t\t<div class=\"elementor-element elementor-element-3b14793 e-flex e-con-boxed e-con e-parent\" data-id=\"3b14793\" data-element_type=\"container\">\n\t\t\t\t\t<div class=\"e-con-inner\">\n\t\t\t\t<div class=\"elementor-element elementor-element-2221316 elementor-widget elementor-widget-heading\" data-id=\"2221316\" data-element_type=\"widget\" data-widget_type=\"heading.default\">\n\t\t\t\t\t<h1 class=\"elementor-heading-title elementor-size-default\">A propos du club<\/h1>\t\t\t\t<\/div>\n\t\t\t\t<div class=\"elementor-element elementor-element-57e75f6 elementor-widget elementor-widget-text-editor\" data-id=\"57e75f6\" data-element_type=\"widget\" data-widget_type=\"text-editor.default\">\n\t\t\t\t\t\t\t\t\t<p>Le <strong>Club Subaquatique de Malaunay<\/strong> a \u00e9t\u00e9 cr\u00e9\u00e9 en <strong>1990.<\/strong> C&rsquo;est un club associatif \u00e0 caract\u00e8re familial et amical.<\/p><p>Nous sommes tous plongeurs, tous anim\u00e9s par la m\u00eame <strong>passion<\/strong> quelque soit notre niveau : la <strong>plong\u00e9e sous-marine<\/strong>.<br \/>Nous avons tous niveaux de licenci\u00e9s : de d\u00e9butant \u00e0 plongeur confirm\u00e9, de niveau 1 \u00e0 niveau 4, ainsi que 3 encadrants E1 et 3 encadrants E2.<br \/>Nous dispensons des formations niveau 1 et niveau 2, en piscine, en fosse, en mer, ainsi que des stages en profondeurs, formation Nitrox et tout autre type de formation sur demande.<\/p><p>Les entra\u00eenements en piscine sont dirig\u00e9s par nos initiateurs E1 et E2, deux fois par semaine dans la piscine de Malaunay. Au programme : nage libre, nage PMT et d\u00e9couverte apn\u00e9e, plong\u00e9e \u00e9quip\u00e9e,\u00a0 et formation niveau 1 &amp; 2.<\/p><p>En 2025 le <strong>Club Subaquatique de Malaunay<\/strong> a f\u00eat\u00e9 ses 35 ans !!! \ud83e\udd73 \ud83c\udf82<\/p><p>L&rsquo;aventure continue \u00e0 Malaunay, le club perdure dans le temps.<br \/>Il rassemble aujourd&rsquo;hui <strong>47 adh\u00e9rents<\/strong>, et propose plusieurs s\u00e9jours de plong\u00e9e entre membres du club chaque ann\u00e9e.<\/p>\t\t\t\t\t\t\t\t<\/div>\n\t\t\t\t<div class=\"elementor-element elementor-element-99201ed elementor-hidden-mobile elementor-widget elementor-widget-image\" data-id=\"99201ed\" data-element_type=\"widget\" data-widget_type=\"image.default\">\n\t\t\t\t\t\t\t\t\t\t\t\t\t\t\t<img decoding=\"async\" width=\"400\" height=\"97\" src=\"https:\/\/plongee-malaunay76.fr\/wp-content\/uploads\/2026\/01\/nageur-orange-400x97.png\" class=\"attachment-medium size-medium wp-image-643\" alt=\"\" srcset=\"https:\/\/plongee-malaunay76.fr\/wp-content\/uploads\/2026\/01\/nageur-orange-400x97.png 400w, https:\/\/plongee-malaunay76.fr\/wp-content\/uploads\/2026\/01\/nageur-orange-800x194.png 800w, https:\/\/plongee-malaunay76.fr\/wp-content\/uploads\/2026\/01\/nageur-orange-768x186.png 768w, https:\/\/plongee-malaunay76.fr\/wp-content\/uploads\/2026\/01\/nageur-orange.png 1052w\" sizes=\"(max-width: 400px) 100vw, 400px\" \/>\t\t\t\t\t\t\t\t\t\t\t\t\t\t\t<\/div>\n\t\t\t\t<div class=\"elementor-element elementor-element-486c905 elementor-hidden-desktop elementor-hidden-tablet elementor-widget elementor-widget-image\" data-id=\"486c905\" data-element_type=\"widget\" data-widget_type=\"image.default\">\n\t\t\t\t\t\t\t\t\t\t\t\t\t\t\t<img decoding=\"async\" src=\"https:\/\/plongee-malaunay76.fr\/wp-content\/uploads\/elementor\/thumbs\/nageur-orange-riglklg0yrwrkd7o18yh2xbt3pwg7ved7y7wbdum00.png\" title=\"nageur-orange\" alt=\"nageur-orange\" loading=\"lazy\" \/>\t\t\t\t\t\t\t\t\t\t\t\t\t\t\t<\/div>\n\t\t\t\t<div class=\"elementor-element elementor-element-713b9f6 elementor-widget elementor-widget-text-editor\" data-id=\"713b9f6\" data-element_type=\"widget\" data-widget_type=\"text-editor.default\">\n\t\t\t\t\t\t\t\t\t<h1 style=\"text-align: center;\">Informations pratiques<\/h1><p>Il est imp\u00e9ratif d\u2019\u00eatre \u00e2g\u00e9 au minimum de 12 ans et de savoir nager avant de s\u2019inscrire au club.<\/p><p><strong>Horaires :\u00a0<\/strong><br \/>\u2013 Tous les lundi et jeudi de 19h \u00e0 21h \u2013 Ouvert toute l\u2019ann\u00e9e.<\/p><p><strong>Adresse :<\/strong><br \/>Rue du docteur Leroy<br \/>76770 Malaunay<\/p><p><strong>Contact :<\/strong><br \/><a href=\"mailto:clubsubaquamalaunay@gmail.com\">clubsubaquamalaunay@gmail.com<\/a><br \/>T\u00e9l. : 06.09.56.20.25 &#8211; (Pr\u00e9sident Initiateur E2)<\/p><p><strong>Pr\u00e9sident :<br \/><\/strong>Christophe Gaudry<br \/><br \/><strong>Initiateurs &amp; encadrants :<\/strong><br \/>Sophie, H\u00e9di, Nicolas, \u00c9ric<\/p>\t\t\t\t\t\t\t\t<\/div>\n\t\t\t\t<div class=\"elementor-element elementor-element-bfca968 elementor-hidden-mobile elementor-widget elementor-widget-text-editor\" data-id=\"bfca968\" data-element_type=\"widget\" data-widget_type=\"text-editor.default\">\n\t\t\t\t\t\t\t\t\t<h1 style=\"text-align: center;\">C\u00f4t\u00e9 Formation<\/h1><p>Le club propose les formations niveau 1 et niveau 2 en interne. La validation du niveau 2 se fait avec le soutien de moniteurs ext\u00e9rieurs et en partenariat avec le CODEP76 et la FFESSM Normandie. Le club peut aussi proposer des formations Niveau 3, Niveau 4 (GP), Initiateur, Moniteur, TIV, RIFAP, &#8230;<\/p>\t\t\t\t\t\t\t\t<\/div>\n\t\t<div class=\"elementor-element elementor-element-b475274 e-grid e-con-full e-con e-child\" data-id=\"b475274\" data-element_type=\"container\">\n\t\t\t\t<div class=\"elementor-element elementor-element-29c9297 elementor-hidden-mobile elementor-widget elementor-widget-text-editor\" data-id=\"29c9297\" data-element_type=\"widget\" data-widget_type=\"text-editor.default\">\n\t\t\t\t\t\t\t\t\t<p>Nos formations en interne :<br \/>Formation Niveau I<br \/>Depuis la rentr\u00e9e 2025\/2026<br \/>3 nouveaux inscrits \u00e0 la formation Niveau 1<br \/>Accessible d\u00e8s 12 ans<\/p><p>Formation Niveau II<br \/>En ce d\u00e9but de saison 2025\/2026<br \/>5 adh\u00e9rents se sont inscrits \u00e0 la formation N2<br \/>Accessible d\u00e8s 16 ans<\/p><p>Formation Niveau III<br \/>Accessible d\u00e8s 18 ans<\/p><p>Formations Niveau IV et MF1<br \/>1 inscrit en cours de formation N4<br \/>Christophe, notre pr\u00e9sident est en cours de formation MF1<\/p>\t\t\t\t\t\t\t\t<\/div>\n\t\t\t\t<div class=\"elementor-element elementor-element-1fc75a2 elementor-hidden-mobile elementor-widget elementor-widget-image\" data-id=\"1fc75a2\" data-element_type=\"widget\" data-widget_type=\"image.default\">\n\t\t\t\t\t\t\t\t\t\t\t\t\t\t\t<img decoding=\"async\" src=\"https:\/\/plongee-malaunay76.fr\/wp-content\/uploads\/elementor\/thumbs\/plongeur-up-ok-rigml87ivmklktqcb7cgpnuurpmdj19fqlashjqk8w.png\" title=\"plongeur-up-ok\" alt=\"plongeur-up-ok\" loading=\"lazy\" \/>\t\t\t\t\t\t\t\t\t\t\t\t\t\t\t<\/div>\n\t\t\t\t<\/div>\n\t\t\t\t<div class=\"elementor-element elementor-element-0135e83 elementor-hidden-desktop elementor-hidden-tablet elementor-widget elementor-widget-text-editor\" data-id=\"0135e83\" data-element_type=\"widget\" data-widget_type=\"text-editor.default\">\n\t\t\t\t\t\t\t\t\t<h1 style=\"text-align: center;\">C\u00f4t\u00e9 Formation<\/h1><p>Le club propose les formations niveau 1 et niveau 2 en interne. La validation du niveau 2 se fait avec le soutien de moniteurs ext\u00e9rieurs et en partenariat avec le CODEP76 et la FFESSM Normandie. Le club peut aussi proposer des formations Niveau 3, Niveau 4 (GP), Initiateur, Moniteur, TIV, RIFAP, &#8230;<\/p><p>Nos formations en interne :<br \/>Formation Niveau I<br \/>Depuis la rentr\u00e9e 2025\/2026<br \/>3 nouveaux inscrits \u00e0 la formation Niveau 1<br \/>Accessible d\u00e8s 12 ans<\/p><p>Formation Niveau II<br \/>En ce d\u00e9but de saison 2025\/2026<br \/>5 adh\u00e9rents se sont inscrits \u00e0 la formation N2<br \/>Accessible d\u00e8s 16 ans<\/p><p>Formation Niveau III<br \/>Accessible d\u00e8s 18 ans<\/p><p>Formations Niveau IV et MF1<br \/>1 inscrit en cours de formation N4<br \/>Christophe, notre pr\u00e9sident est en cours de formation MF1<\/p>\t\t\t\t\t\t\t\t<\/div>\n\t\t\t\t\t<\/div>\n\t\t\t\t<\/div>\n\t\t\t\t<\/div>\n\t\t","protected":false},"excerpt":{"rendered":"<p>A propos du club Le Club Subaquatique de Malaunay a \u00e9t\u00e9 cr\u00e9\u00e9 en 1990. C&rsquo;est un club associatif \u00e0 caract\u00e8re [&hellip;]<\/p>\n","protected":false},"author":1,"featured_media":0,"parent":0,"menu_order":0,"comment_status":"closed","ping_status":"closed","template":"","meta":{"site-sidebar-layout":"no-sidebar","site-content-layout":"","ast-site-content-layout":"full-width-container","site-content-style":"default","site-sidebar-style":"default","ast-global-header-display":"","ast-banner-title-visibility":"","ast-main-header-display":"","ast-hfb-above-header-display":"","ast-hfb-below-header-display":"","ast-hfb-mobile-header-display":"","site-post-title":"disabled","ast-breadcrumbs-content":"","ast-featured-img":"disabled","footer-sml-layout":"","ast-disable-related-posts":"","theme-transparent-header-meta":"","adv-header-id-meta":"","stick-header-meta":"","header-above-stick-meta":"","header-main-stick-meta":"","header-below-stick-meta":"","astra-migrate-meta-layouts":"default","ast-page-background-enabled":"default","ast-page-background-meta":{"desktop":{"background-color":"var(--ast-global-color-5)","background-image":"","background-repeat":"repeat","background-position":"center center","background-size":"auto","background-attachment":"scroll","background-type":"","background-media":"","overlay-type":"","overlay-color":"","overlay-opacity":"","overlay-gradient":""},"tablet":{"background-color":"","background-image":"","background-repeat":"repeat","background-position":"center center","background-size":"auto","background-attachment":"scroll","background-type":"","background-media":"","overlay-type":"","overlay-color":"","overlay-opacity":"","overlay-gradient":""},"mobile":{"background-color":"","background-image":"","background-repeat":"repeat","background-position":"center center","background-size":"auto","background-attachment":"scroll","background-type":"","background-media":"","overlay-type":"","overlay-color":"","overlay-opacity":"","overlay-gradient":""}},"ast-content-background-meta":{"desktop":{"background-color":"var(--ast-global-color-4)","background-image":"","background-repeat":"repeat","background-position":"center center","background-size":"auto","background-attachment":"scroll","background-type":"","background-media":"","overlay-type":"","overlay-color":"","overlay-opacity":"","overlay-gradient":""},"tablet":{"background-color":"var(--ast-global-color-4)","background-image":"","background-repeat":"repeat","background-position":"center center","background-size":"auto","background-attachment":"scroll","background-type":"","background-media":"","overlay-type":"","overlay-color":"","overlay-opacity":"","overlay-gradient":""},"mobile":{"background-color":"var(--ast-global-color-4)","background-image":"","background-repeat":"repeat","background-position":"center center","background-size":"auto","background-attachment":"scroll","background-type":"","background-media":"","overlay-type":"","overlay-color":"","overlay-opacity":"","overlay-gradient":""}},"footnotes":""},"class_list":["post-24","page","type-page","status-publish","hentry"],"_links":{"self":[{"href":"https:\/\/plongee-malaunay76.fr\/index.php?rest_route=\/wp\/v2\/pages\/24","targetHints":{"allow":["GET"]}}],"collection":[{"href":"https:\/\/plongee-malaunay76.fr\/index.php?rest_route=\/wp\/v2\/pages"}],"about":[{"href":"https:\/\/plongee-malaunay76.fr\/index.php?rest_route=\/wp\/v2\/types\/page"}],"author":[{"embeddable":true,"href":"https:\/\/plongee-malaunay76.fr\/index.php?rest_route=\/wp\/v2\/users\/1"}],"replies":[{"embeddable":true,"href":"https:\/\/plongee-malaunay76.fr\/index.php?rest_route=%2Fwp%2Fv2%2Fcomments&post=24"}],"version-history":[{"count":31,"href":"https:\/\/plongee-malaunay76.fr\/index.php?rest_route=\/wp\/v2\/pages\/24\/revisions"}],"predecessor-version":[{"id":665,"href":"https:\/\/plongee-malaunay76.fr\/index.php?rest_route=\/wp\/v2\/pages\/24\/revisions\/665"}],"wp:attachment":[{"href":"https:\/\/plongee-malaunay76.fr\/index.php?rest_route=%2Fwp%2Fv2%2Fmedia&parent=24"}],"curies":[{"name":"wp","href":"https:\/\/api.w.org\/{rel}","templated":true}]}}